{"id":980,"date":"2024-04-19T08:32:34","date_gmt":"2024-04-19T06:32:34","guid":{"rendered":"https:\/\/bubbleflush.com\/utilisateurs\/"},"modified":"2026-01-20T14:13:06","modified_gmt":"2026-01-20T13:13:06","slug":"utilisateurs","status":"publish","type":"page","link":"https:\/\/bubbleflush.com\/fr\/utilisateurs\/","title":{"rendered":"Utilisateurs"},"content":{"rendered":"<section class=\"l-section wpb_row us_custom_37f25ba0 height_auto width_full\"><div class=\"l-section-h i-cf\"><div class=\"g-cols vc_row via_flex valign_top type_boxes stacking_default\"><div class=\"vc_col-sm-12 wpb_column vc_column_container\"><div class=\"vc_column-inner\"><div class=\"wpb_wrapper\"><div class=\"w-separator size_custom\" style=\"height:10vmin\" id=\"l7cf\"><style>@media(max-width:768px){ #l7cf{height:3rem!important}}<\/style><\/div><div class=\"g-cols wpb_row via_flex valign_top type_default stacking_default\"><div class=\"vc_col-sm-8 wpb_column vc_column_container\"><div class=\"vc_column-inner\"><div class=\"wpb_wrapper\"><div class=\"wpb_text_column us_custom_7e20fa79 us_animate_this\"><div class=\"wpb_wrapper\"><h1>Informations et t\u00e9l\u00e9chargements pour les utilisateurs de BubbleFlush<\/h1>\n<\/div><\/div><div class=\"w-btn-wrapper align_none\"><a class=\"w-btn us-btn-style_1 us_custom_15835a80 us_animate_this icon_atleft\" target=\"_blank\" href=\"https:\/\/bubbleflush.com\/fr\/connexion-revendeur\/\"><i class=\"far fa-user\"><\/i><span class=\"w-btn-label\">Connexion Revendeur<\/span><\/a><\/div><\/div><\/div><\/div><div class=\"vc_col-sm-4 vc_hidden-xs wpb_column vc_column_container\"><div class=\"vc_column-inner\"><div class=\"wpb_wrapper\"><\/div><\/div><\/div><\/div><div class=\"w-separator size_custom\" style=\"height:10vmin\" id=\"hf5e\"><style>@media(max-width:768px){ #hf5e{height:2.5rem!important}}<\/style><\/div><div class=\"g-cols wpb_row via_flex valign_top type_default stacking_default\"><div class=\"vc_col-sm-2\/5 wpb_column vc_column_container\"><div class=\"vc_column-inner us_custom_edb2f6e3\"><div class=\"wpb_wrapper\"><div class=\"wpb_text_column us_custom_60e9caca us_animate_this\"><div class=\"wpb_wrapper\"><h3>Manuels<\/h3>\n<\/div><\/div><div class=\"w-separator size_custom\" style=\"height:1.5rem\" id=\"e70c\"><style><\/style><\/div><div class=\"wpb_text_column us_custom_60e9caca darklink us_animate_this\"><div class=\"wpb_wrapper\"><p>Vous trouverez ci-dessous le manuel de BubbleFlush et du Bouchon d\u2019Eau BubbleFlush. Si votre langue n\u2019est pas disponible, <span style=\"text-decoration: underline;\"><a href=\"https:\/\/bubbleflush.com\/fr\/contact\/\">contactez-nous.<\/a><\/span><\/p>\n<\/div><\/div><\/div><\/div><\/div><div class=\"vc_col-sm-1\/5 wpb_column vc_column_container\"><div class=\"vc_column-inner us_custom_60e9caca us_animate_this\"><div class=\"wpb_wrapper\"><div class=\"wpb_text_column us_custom_330fa8bf\"><div class=\"wpb_wrapper\"><p><strong>Nederlandse<br \/>\nhandleiding<\/strong><\/p>\n<\/div><\/div><div class=\"w-separator size_custom\" style=\"height:1.5rem\" id=\"cef9\"><style>@media(max-width:768px){ #cef9{height:0.5rem!important}}<\/style><\/div><div class=\"w-btn-wrapper align_none\"><a class=\"w-btn us-btn-style_9 icon_atleft\" target=\"_blank\" href=\"\/wp-content\/uploads\/2024\/05\/Gebruikershandleiding-BubbleFlush-V1.9-Nederlands.pdf\"><i class=\"far fa-info-square\"><\/i><span class=\"w-btn-label\">BubbleFlush<\/span><\/a><\/div><div class=\"w-separator size_custom\" style=\"height:0rem\"><\/div><div class=\"w-btn-wrapper align_none\"><a class=\"w-btn us-btn-style_9 us_custom_e1afff76 icon_atleft\" target=\"_blank\" href=\"\/wp-content\/uploads\/2024\/05\/Gebruikershandleiding-BubbleFlush-Water-Stop-V1.9-Nederlands.pdf\"><i class=\"far fa-info-square\"><\/i><span class=\"w-btn-label\">BubbleFlush Water Stop<\/span><\/a><\/div><\/div><\/div><\/div><div class=\"vc_col-sm-1\/5 wpb_column vc_column_container\"><div class=\"vc_column-inner us_custom_6eef1e9e us_animate_this\"><div class=\"wpb_wrapper\"><div class=\"wpb_text_column us_custom_f5808dfe\"><div class=\"wpb_wrapper\"><p><strong>English<br \/>\nmanual<\/strong><\/p>\n<\/div><\/div><div class=\"w-separator size_custom\" style=\"height:1.5rem\" id=\"y7b1\"><style>@media(max-width:768px){ #y7b1{height:0.5rem!important}}<\/style><\/div><div class=\"w-btn-wrapper align_none\"><a class=\"w-btn us-btn-style_9 icon_atleft\" target=\"_blank\" href=\"\/wp-content\/uploads\/2024\/05\/User-Manual-BubbleFlush-V1.9-English.pdf\"><i class=\"far fa-info-square\"><\/i><span class=\"w-btn-label\">BubbleFlush<\/span><\/a><\/div><div class=\"w-separator size_custom\" style=\"height:0rem\"><\/div><div class=\"w-btn-wrapper align_none\"><a class=\"w-btn us-btn-style_9 us_custom_e1afff76 icon_atleft\" target=\"_blank\" href=\"\/wp-content\/uploads\/2024\/05\/User-Manual-BubbleFlush-Water-Stop-V1.9-English.pdf\"><i class=\"far fa-info-square\"><\/i><span class=\"w-btn-label\">BubbleFlush Water Stop<\/span><\/a><\/div><\/div><\/div><\/div><div class=\"vc_col-sm-1\/5 wpb_column vc_column_container\"><div class=\"vc_column-inner us_custom_f70d789f us_animate_this\"><div class=\"wpb_wrapper\"><div class=\"wpb_text_column us_custom_f5808dfe\"><div class=\"wpb_wrapper\"><p><strong>Deutsch<br \/>\nBenutzerhandbuch<\/strong><\/p>\n<\/div><\/div><div class=\"w-separator size_custom\" style=\"height:1.5rem\" id=\"q06b\"><style>@media(max-width:768px){ #q06b{height:0.5rem!important}}<\/style><\/div><div class=\"w-btn-wrapper align_none\"><a class=\"w-btn us-btn-style_9 icon_atleft\" target=\"_blank\" href=\"\/wp-content\/uploads\/2024\/05\/Benutzerhandbuch-BubbleFlush-v1.9-Deutsch.pdf\"><i class=\"far fa-info-square\"><\/i><span class=\"w-btn-label\">BubbleFlush<\/span><\/a><\/div><div class=\"w-separator size_custom\" style=\"height:0rem\"><\/div><div class=\"w-btn-wrapper align_none\"><a class=\"w-btn us-btn-style_9 us_custom_e1afff76 icon_atleft\" target=\"_blank\" href=\"\/wp-content\/uploads\/2024\/05\/Benutzerhandbuch-BubbleFlush-Water-Stop-V1.9-Deutsch.pdf\"><i class=\"far fa-info-square\"><\/i><span class=\"w-btn-label\">BubbleFlush Water Stop<\/span><\/a><\/div><\/div><\/div><\/div><\/div><div class=\"w-separator size_custom\" style=\"height:5vmin\" id=\"w55f\"><style>@media(max-width:768px){ #w55f{height:0rem!important}}<\/style><\/div><div class=\"g-cols wpb_row via_flex valign_top type_default stacking_default\"><div class=\"vc_col-sm-2\/5 vc_hidden-xs wpb_column vc_column_container\"><div class=\"vc_column-inner us_custom_edb2f6e3\"><div class=\"wpb_wrapper\"><\/div><\/div><\/div><div class=\"vc_col-sm-1\/5 wpb_column vc_column_container\"><div class=\"vc_column-inner us_custom_60e9caca us_animate_this\"><div class=\"wpb_wrapper\"><div class=\"wpb_text_column us_custom_330fa8bf\"><div class=\"wpb_wrapper\"><p><strong>Fran\u00e7ais<br \/>\nManuel d&rsquo;utilisation<\/strong><\/p>\n<\/div><\/div><div class=\"w-separator size_custom\" style=\"height:1.5rem\" id=\"bcd9\"><style>@media(max-width:768px){ #bcd9{height:0.5rem!important}}<\/style><\/div><div class=\"w-btn-wrapper align_none\"><a class=\"w-btn us-btn-style_9 icon_atleft\" target=\"_blank\" href=\"\/wp-content\/uploads\/2024\/05\/Manuel-dutilisation-BubbleFlush-V1.9-Francais.pdf\"><i class=\"far fa-info-square\"><\/i><span class=\"w-btn-label\">BubbleFlush<\/span><\/a><\/div><div class=\"w-separator size_custom\" style=\"height:0rem\"><\/div><div class=\"w-btn-wrapper align_none\"><a class=\"w-btn us-btn-style_9 us_custom_e1afff76 icon_atleft\" target=\"_blank\" href=\"\/wp-content\/uploads\/2024\/11\/Manuel-dutilisation-BubbleFlush-Water-Stop-V1.9-Francais.pdf\"><i class=\"far fa-info-square\"><\/i><span class=\"w-btn-label\">BubbleFlush Water Stop<\/span><\/a><\/div><\/div><\/div><\/div><div class=\"vc_col-sm-1\/5 wpb_column vc_column_container\"><div class=\"vc_column-inner us_custom_6eef1e9e us_animate_this\"><div class=\"wpb_wrapper\"><div class=\"wpb_text_column us_custom_f5808dfe\"><div class=\"wpb_wrapper\"><p><strong>Italiano<br \/>\nManuale d&rsquo;uso<\/strong><\/p>\n<\/div><\/div><div class=\"w-separator size_custom\" style=\"height:1.5rem\" id=\"k582\"><style>@media(max-width:768px){ #k582{height:0.5rem!important}}<\/style><\/div><div class=\"w-btn-wrapper align_none\"><a class=\"w-btn us-btn-style_9 icon_atleft\" target=\"_blank\" href=\"\/wp-content\/uploads\/2024\/05\/Manuale-duso-BubbleFlush-V1.9-Italiano-1.pdf\"><i class=\"far fa-info-square\"><\/i><span class=\"w-btn-label\">BubbleFlush<\/span><\/a><\/div><div class=\"w-separator size_custom\" style=\"height:0rem\"><\/div><div class=\"w-btn-wrapper align_none\"><a class=\"w-btn us-btn-style_9 us_custom_e1afff76 icon_atleft\" target=\"_blank\" href=\"\/wp-content\/uploads\/2024\/11\/Manuale-duso-BubbleFlush-Water-Stop-V1.9-Italiano.pdf\"><i class=\"far fa-info-square\"><\/i><span class=\"w-btn-label\">BubbleFlush Water Stop<\/span><\/a><\/div><\/div><\/div><\/div><div class=\"vc_col-sm-1\/5 wpb_column vc_column_container\"><div class=\"vc_column-inner us_custom_f70d789f us_animate_this\"><div class=\"wpb_wrapper\"><div class=\"wpb_text_column us_custom_f5808dfe\"><div class=\"wpb_wrapper\"><p><strong>Polski<br \/>\nInstrukcja obs\u0142ugi<\/strong><\/p>\n<\/div><\/div><div class=\"w-separator size_custom\" style=\"height:1.5rem\" id=\"me36\"><style>@media(max-width:768px){ #me36{height:0.5rem!important}}<\/style><\/div><div class=\"w-btn-wrapper align_none\"><a class=\"w-btn us-btn-style_9 icon_atleft\" target=\"_blank\" href=\"\/wp-content\/uploads\/2024\/05\/Instrukcja-obslugi-BubbleFlush-v1.4-Polski.pdf\"><i class=\"far fa-info-square\"><\/i><span class=\"w-btn-label\">BubbleFlush<\/span><\/a><\/div><div class=\"w-separator size_custom\" style=\"height:0rem\"><\/div><div class=\"w-btn-wrapper align_none\"><a class=\"w-btn us-btn-style_9 us_custom_e1afff76 icon_atleft\" target=\"_blank\" href=\"\/wp-content\/uploads\/2024\/05\/Instrukcja-obslugi-BubbleFlush-Water-Stop-V1.19-Polski.pdf\"><i class=\"far fa-info-square\"><\/i><span class=\"w-btn-label\">BubbleFlush Water Stop<\/span><\/a><\/div><\/div><\/div><\/div><\/div><div class=\"w-separator size_custom\" style=\"height:5vmin\" id=\"r33f\"><style>@media(max-width:768px){ #r33f{height:0rem!important}}<\/style><\/div><div class=\"g-cols wpb_row via_flex valign_top type_default stacking_default\"><div class=\"vc_col-sm-2\/5 vc_hidden-xs wpb_column vc_column_container\"><div class=\"vc_column-inner us_custom_edb2f6e3\"><div class=\"wpb_wrapper\"><\/div><\/div><\/div><div class=\"vc_col-sm-1\/5 wpb_column vc_column_container\"><div class=\"vc_column-inner us_custom_60e9caca us_animate_this\"><div class=\"wpb_wrapper\"><div class=\"wpb_text_column us_custom_330fa8bf\"><div class=\"wpb_wrapper\"><p><strong>\u010cesky<br \/>\nU\u017eivatelsk\u00e1 p\u0159\u00edru\u010dka<\/strong><\/p>\n<\/div><\/div><div class=\"w-separator size_custom\" style=\"height:1.5rem\" id=\"lad0\"><style>@media(max-width:768px){ #lad0{height:0.5rem!important}}<\/style><\/div><div class=\"w-btn-wrapper align_none\"><a class=\"w-btn us-btn-style_9 icon_atleft\" target=\"_blank\" href=\"\/wp-content\/uploads\/2024\/05\/Uzivatelska-prirucka-BubbleFlush-V1.10.pdf\"><i class=\"far fa-info-square\"><\/i><span class=\"w-btn-label\">BubbleFlush<\/span><\/a><\/div><div class=\"w-separator size_custom\" style=\"height:0rem\"><\/div><div class=\"w-btn-wrapper align_none\"><a class=\"w-btn us-btn-style_9 us_custom_e1afff76 icon_atleft\" target=\"_blank\" href=\"\/wp-content\/uploads\/2024\/05\/Uzivatelska-prirucka-BubbleFlush-Water-Stop-V1.10.pdf\"><i class=\"far fa-info-square\"><\/i><span class=\"w-btn-label\">BubbleFlush Water Stop<\/span><\/a><\/div><\/div><\/div><\/div><div class=\"vc_col-sm-1\/5 wpb_column vc_column_container\"><div class=\"vc_column-inner us_custom_6eef1e9e us_animate_this\"><div class=\"wpb_wrapper\"><div class=\"wpb_text_column us_custom_f5808dfe\"><div class=\"wpb_wrapper\"><p><strong> \u0e44\u0e17\u0e22 \u0e04\u0e39\u0e48\u0e21\u0e37\u0e2d\u0e01\u0e32\u0e23\u0e43\u0e0a\u0e49\u0e07\u0e32\u0e19<br \/>\nBubbleFlush<\/strong><\/p>\n<\/div><\/div><div class=\"w-separator size_custom\" style=\"height:1.5rem\" id=\"f334\"><style>@media(max-width:768px){ #f334{height:0.5rem!important}}<\/style><\/div><div class=\"w-btn-wrapper align_none\"><a class=\"w-btn us-btn-style_9 icon_atleft\" target=\"_blank\" href=\"\/wp-content\/uploads\/2024\/05\/\u0e04\u0e39\u0e48\u0e21\u0e37\u0e2d\u0e01\u0e32\u0e23\u0e43\u0e0a\u0e49-BubbleFlush-V1.9-Thai.pdf\"><i class=\"far fa-info-square\"><\/i><span class=\"w-btn-label\">BubbleFlush<\/span><\/a><\/div><div class=\"w-separator size_custom\" style=\"height:0rem\"><\/div><div class=\"w-btn-wrapper align_none\"><a class=\"w-btn us-btn-style_9 us_custom_e1afff76 icon_atleft\" target=\"_blank\" href=\"\/wp-content\/uploads\/2024\/05\/\u0e04\u0e39\u0e48\u0e21\u0e37\u0e2d\u0e01\u0e32\u0e23\u0e43\u0e0a\u0e49-BubbleFlush-Water-Stop-V1.9-Thai.pdf\"><i class=\"far fa-info-square\"><\/i><span class=\"w-btn-label\">BubbleFlush Water Stop<\/span><\/a><\/div><\/div><\/div><\/div><div class=\"vc_col-sm-1\/5 wpb_column vc_column_container\"><div class=\"vc_column-inner us_custom_f70d789f us_animate_this\"><div class=\"wpb_wrapper\"><\/div><\/div><\/div><\/div><div class=\"w-separator size_custom\" style=\"height:15vmin\" id=\"h979\"><style>@media(max-width:768px){ #h979{height:3rem!important}}<\/style><\/div><div class=\"g-cols wpb_row via_flex valign_top type_default stacking_default\"><div class=\"vc_col-sm-2\/5 wpb_column vc_column_container\"><div class=\"vc_column-inner us_custom_edb2f6e3\"><div class=\"wpb_wrapper\"><div class=\"wpb_text_column us_custom_60e9caca us_animate_this\"><div class=\"wpb_wrapper\"><h3>Vid\u00e9o d\u2019instruction<\/h3>\n<\/div><\/div><\/div><\/div><\/div><div class=\"vc_col-sm-3\/5 wpb_column vc_column_container\"><div class=\"vc_column-inner us_custom_60e9caca us_animate_this\"><div class=\"wpb_wrapper\"><div class=\"w-video us_custom_60e9caca us_animate_this align_none ratio_16x9 with_overlay has_iframe\" style=\"background-image:url(https:\/\/bubbleflush.com\/wp-content\/uploads\/2024\/04\/BubbleFlush-Environmentally-Friendly-Toilet-Cleaning.jpg);\" onclick=\"return {&quot;player_id&quot;:&quot;youtube-fa3b&quot;,&quot;player_api&quot;:&quot;\\\/\\\/www.youtube.com\\\/player_api&quot;,&quot;player_html&quot;:&quot;&lt;div id=\\&quot;youtube-fa3b\\&quot;&gt;&lt;\\\/div&gt;&lt;script&gt;\\r\\n\\t\\t\\twindow.USYTPlayers = ( window.USYTPlayers || { initYTFunctions: [], optionsYT: [], USYTInited: false } );\\r\\n\\t\\t\\twindow.USYTPlayers.optionsYT.push( {\\r\\n\\t\\t\\t\\tplayerID: \\&quot;youtube-fa3b\\&quot;,\\r\\n\\t\\t\\t\\tvideoID: \\&quot;pDJ_yAfmmBM\\&quot;,\\r\\n\\t\\t\\t\\tplayerVars: {\\&quot;autoplay\\&quot;:1,\\&quot;controls\\&quot;:1,\\&quot;origin\\&quot;:\\&quot;https:\\\\\\\/\\\\\\\/bubbleflush.com\\\\\\\/fr\\\\\\\/\\&quot;,\\&quot;loop\\&quot;:1,\\&quot;mute\\&quot;:0,\\&quot;playlist\\&quot;:\\&quot;pDJ_yAfmmBM\\&quot;}\\r\\n\\t\\t\\t} );\\r\\n\\t\\t\\tif ( window.USYTPlayers.USYTInited === false ) {\\r\\n\\t\\t\\t\\t\\\/\\\/ Trying to override other possible WP YT API calls if our element is used\\r\\n\\t\\t\\t\\twindow.USYTPlayers.USYTInited = true;\\r\\n\\r\\n\\t\\t\\t\\twindow.onYouTubePlayerAPIReady = function() {\\r\\n\\t\\t\\t\\t\\tfor ( var i in window.USYTPlayers.optionsYT ) {\\r\\n\\t\\t\\t\\t\\t\\tvar _playerParams = window.USYTPlayers.optionsYT[ i ];\\r\\n\\t\\t\\t\\t\\t\\t$us.YTPlayers[ _playerParams.playerID ] = new YT.Player( _playerParams.playerID, {\\r\\n\\t\\t\\t\\t\\t\\t\\tvideoId: _playerParams.videoID,\\r\\n\\t\\t\\t\\t\\t\\t\\tplayerVars: _playerParams.playerVars\\r\\n\\t\\t\\t\\t\\t\\t} );\\r\\n\\t\\t\\t\\t\\t}\\r\\n\\t\\t\\t\\t}\\r\\n\\t\\t\\t}\\r\\n\\t\\t\\tif ( !!window.YT ) {\\r\\n\\t\\t\\t\\t$us.YTPlayers[\\&quot;youtube-fa3b\\&quot;] = new YT.Player( \\&quot;youtube-fa3b\\&quot;, {\\r\\n\\t\\t\\t\\t\\tvideoId: \\&quot;pDJ_yAfmmBM\\&quot;,\\r\\n\\t\\t\\t\\t\\tplayerVars: {\\&quot;autoplay\\&quot;:1,\\&quot;controls\\&quot;:1,\\&quot;origin\\&quot;:\\&quot;https:\\\\\\\/\\\\\\\/bubbleflush.com\\\\\\\/fr\\\\\\\/\\&quot;,\\&quot;loop\\&quot;:1,\\&quot;mute\\&quot;:0,\\&quot;playlist\\&quot;:\\&quot;pDJ_yAfmmBM\\&quot;}\\r\\n\\t\\t\\t\\t} );\\r\\n\\t\\t\\t}\\r\\n\\t\\t&lt;\\\/script&gt;&quot;}\"><div class=\"w-video-h\"><\/div><div class=\"w-video-icon\" style=\"font-size:1.5rem;background:var( --color-content-heading-grad, var(--color-content-heading) );color:#ffffff\"><\/div><\/div><\/div><\/div><\/div><\/div><div class=\"w-separator size_custom\" style=\"height:15vmin\" id=\"td4f\"><style>@media(max-width:768px){ #td4f{height:3rem!important}}<\/style><\/div><\/div><\/div><\/div><\/div><\/div><\/section>\n","protected":false},"excerpt":{"rendered":"Informations et t\u00e9l\u00e9chargements pour les utilisateurs de BubbleFlush Connexion Revendeur Manuels Vous trouverez ci-dessous le manuel de BubbleFlush et du Bouchon d\u2019Eau BubbleFlush. Si votre langue n\u2019est pas disponible, contactez-nous. Nederlandse handleiding BubbleFlushBubbleFlush Water StopEnglish manual BubbleFlushBubbleFlush Water StopDeutsch Benutzerhandbuch BubbleFlushBubbleFlush Water StopFran\u00e7ais Manuel d&rsquo;utilisation BubbleFlushBubbleFlush Water StopItaliano Manuale d&rsquo;uso BubbleFlushBubbleFlush Water StopPolski Instrukcja obs\u0142ugi...","protected":false},"author":2,"featured_media":0,"parent":0,"menu_order":0,"comment_status":"closed","ping_status":"closed","template":"","meta":{"_acf_changed":false,"footnotes":""},"class_list":["post-980","page","type-page","status-publish","hentry"],"acf":[],"yoast_head":"<!-- This site is optimized with the Yoast SEO plugin v26.8 - https:\/\/yoast.com\/product\/yoast-seo-wordpress\/ -->\n<title>Utilisateurs | BubbleFlush<\/title>\n<meta name=\"robots\" content=\"index, follow, max-snippet:-1, max-image-preview:large, max-video-preview:-1\" \/>\n<link rel=\"canonical\" href=\"https:\/\/bubbleflush.com\/fr\/utilisateurs\/\" \/>\n<meta property=\"og:locale\" content=\"fr_FR\" \/>\n<meta property=\"og:type\" content=\"article\" \/>\n<meta property=\"og:title\" content=\"Utilisateurs | BubbleFlush\" \/>\n<meta property=\"og:url\" content=\"https:\/\/bubbleflush.com\/fr\/utilisateurs\/\" \/>\n<meta property=\"og:site_name\" content=\"BubbleFlush\" \/>\n<meta property=\"article:modified_time\" content=\"2026-01-20T13:13:06+00:00\" \/>\n<meta name=\"twitter:card\" content=\"summary_large_image\" \/>\n<meta name=\"twitter:label1\" content=\"Dur\u00e9e de lecture estim\u00e9e\" \/>\n\t<meta name=\"twitter:data1\" content=\"2 minutes\" \/>\n<script type=\"application\/ld+json\" class=\"yoast-schema-graph\">{\"@context\":\"https:\/\/schema.org\",\"@graph\":[{\"@type\":\"WebPage\",\"@id\":\"https:\/\/bubbleflush.com\/fr\/utilisateurs\/\",\"url\":\"https:\/\/bubbleflush.com\/fr\/utilisateurs\/\",\"name\":\"Utilisateurs | BubbleFlush\",\"isPartOf\":{\"@id\":\"https:\/\/bubbleflush.com\/#website\"},\"datePublished\":\"2024-04-19T06:32:34+00:00\",\"dateModified\":\"2026-01-20T13:13:06+00:00\",\"breadcrumb\":{\"@id\":\"https:\/\/bubbleflush.com\/fr\/utilisateurs\/#breadcrumb\"},\"inLanguage\":\"fr-FR\",\"potentialAction\":[{\"@type\":\"ReadAction\",\"target\":[\"https:\/\/bubbleflush.com\/fr\/utilisateurs\/\"]}]},{\"@type\":\"BreadcrumbList\",\"@id\":\"https:\/\/bubbleflush.com\/fr\/utilisateurs\/#breadcrumb\",\"itemListElement\":[{\"@type\":\"ListItem\",\"position\":1,\"name\":\"Home\",\"item\":\"https:\/\/bubbleflush.com\/fr\/\"},{\"@type\":\"ListItem\",\"position\":2,\"name\":\"Utilisateurs\"}]},{\"@type\":\"WebSite\",\"@id\":\"https:\/\/bubbleflush.com\/#website\",\"url\":\"https:\/\/bubbleflush.com\/\",\"name\":\"BubbleFlush\",\"description\":\"Environmentally Friendly Toilet Cleaning\",\"publisher\":{\"@id\":\"https:\/\/bubbleflush.com\/#organization\"},\"potentialAction\":[{\"@type\":\"SearchAction\",\"target\":{\"@type\":\"EntryPoint\",\"urlTemplate\":\"https:\/\/bubbleflush.com\/?s={search_term_string}\"},\"query-input\":{\"@type\":\"PropertyValueSpecification\",\"valueRequired\":true,\"valueName\":\"search_term_string\"}}],\"inLanguage\":\"fr-FR\"},{\"@type\":\"Organization\",\"@id\":\"https:\/\/bubbleflush.com\/#organization\",\"name\":\"BubbleFlush\",\"url\":\"https:\/\/bubbleflush.com\/\",\"logo\":{\"@type\":\"ImageObject\",\"inLanguage\":\"fr-FR\",\"@id\":\"https:\/\/bubbleflush.com\/#\/schema\/logo\/image\/\",\"url\":\"https:\/\/bubbleflush.com\/wp-content\/uploads\/2024\/04\/BubbleFlush.svg\",\"contentUrl\":\"https:\/\/bubbleflush.com\/wp-content\/uploads\/2024\/04\/BubbleFlush.svg\",\"width\":\"1024\",\"height\":\"1024\",\"caption\":\"BubbleFlush\"},\"image\":{\"@id\":\"https:\/\/bubbleflush.com\/#\/schema\/logo\/image\/\"},\"sameAs\":[\"https:\/\/www.linkedin.com\/company\/bubbleflush\"]}]}<\/script>\n<!-- \/ Yoast SEO plugin. -->","yoast_head_json":{"title":"Utilisateurs | BubbleFlush","robots":{"index":"index","follow":"follow","max-snippet":"max-snippet:-1","max-image-preview":"max-image-preview:large","max-video-preview":"max-video-preview:-1"},"canonical":"https:\/\/bubbleflush.com\/fr\/utilisateurs\/","og_locale":"fr_FR","og_type":"article","og_title":"Utilisateurs | BubbleFlush","og_url":"https:\/\/bubbleflush.com\/fr\/utilisateurs\/","og_site_name":"BubbleFlush","article_modified_time":"2026-01-20T13:13:06+00:00","twitter_card":"summary_large_image","twitter_misc":{"Dur\u00e9e de lecture estim\u00e9e":"2 minutes"},"schema":{"@context":"https:\/\/schema.org","@graph":[{"@type":"WebPage","@id":"https:\/\/bubbleflush.com\/fr\/utilisateurs\/","url":"https:\/\/bubbleflush.com\/fr\/utilisateurs\/","name":"Utilisateurs | BubbleFlush","isPartOf":{"@id":"https:\/\/bubbleflush.com\/#website"},"datePublished":"2024-04-19T06:32:34+00:00","dateModified":"2026-01-20T13:13:06+00:00","breadcrumb":{"@id":"https:\/\/bubbleflush.com\/fr\/utilisateurs\/#breadcrumb"},"inLanguage":"fr-FR","potentialAction":[{"@type":"ReadAction","target":["https:\/\/bubbleflush.com\/fr\/utilisateurs\/"]}]},{"@type":"BreadcrumbList","@id":"https:\/\/bubbleflush.com\/fr\/utilisateurs\/#breadcrumb","itemListElement":[{"@type":"ListItem","position":1,"name":"Home","item":"https:\/\/bubbleflush.com\/fr\/"},{"@type":"ListItem","position":2,"name":"Utilisateurs"}]},{"@type":"WebSite","@id":"https:\/\/bubbleflush.com\/#website","url":"https:\/\/bubbleflush.com\/","name":"BubbleFlush","description":"Environmentally Friendly Toilet Cleaning","publisher":{"@id":"https:\/\/bubbleflush.com\/#organization"},"potentialAction":[{"@type":"SearchAction","target":{"@type":"EntryPoint","urlTemplate":"https:\/\/bubbleflush.com\/?s={search_term_string}"},"query-input":{"@type":"PropertyValueSpecification","valueRequired":true,"valueName":"search_term_string"}}],"inLanguage":"fr-FR"},{"@type":"Organization","@id":"https:\/\/bubbleflush.com\/#organization","name":"BubbleFlush","url":"https:\/\/bubbleflush.com\/","logo":{"@type":"ImageObject","inLanguage":"fr-FR","@id":"https:\/\/bubbleflush.com\/#\/schema\/logo\/image\/","url":"https:\/\/bubbleflush.com\/wp-content\/uploads\/2024\/04\/BubbleFlush.svg","contentUrl":"https:\/\/bubbleflush.com\/wp-content\/uploads\/2024\/04\/BubbleFlush.svg","width":"1024","height":"1024","caption":"BubbleFlush"},"image":{"@id":"https:\/\/bubbleflush.com\/#\/schema\/logo\/image\/"},"sameAs":["https:\/\/www.linkedin.com\/company\/bubbleflush"]}]}},"_links":{"self":[{"href":"https:\/\/bubbleflush.com\/fr\/wp-json\/wp\/v2\/pages\/980","targetHints":{"allow":["GET"]}}],"collection":[{"href":"https:\/\/bubbleflush.com\/fr\/wp-json\/wp\/v2\/pages"}],"about":[{"href":"https:\/\/bubbleflush.com\/fr\/wp-json\/wp\/v2\/types\/page"}],"author":[{"embeddable":true,"href":"https:\/\/bubbleflush.com\/fr\/wp-json\/wp\/v2\/users\/2"}],"replies":[{"embeddable":true,"href":"https:\/\/bubbleflush.com\/fr\/wp-json\/wp\/v2\/comments?post=980"}],"version-history":[{"count":3,"href":"https:\/\/bubbleflush.com\/fr\/wp-json\/wp\/v2\/pages\/980\/revisions"}],"predecessor-version":[{"id":995,"href":"https:\/\/bubbleflush.com\/fr\/wp-json\/wp\/v2\/pages\/980\/revisions\/995"}],"wp:attachment":[{"href":"https:\/\/bubbleflush.com\/fr\/wp-json\/wp\/v2\/media?parent=980"}],"curies":[{"name":"wp","href":"https:\/\/api.w.org\/{rel}","templated":true}]}}